{"id":761,"date":"2019-05-12T17:37:54","date_gmt":"2019-05-12T17:37:54","guid":{"rendered":"http:\/\/site.hipertrade.com.br\/index.php\/hestia-front\/"},"modified":"2022-03-07T11:14:32","modified_gmt":"2022-03-07T14:14:32","slug":"hestia-front","status":"publish","type":"page","link":"https:\/\/site.hipertrade.com.br\/","title":{"rendered":"Front Page"},"content":{"rendered":"<div class=\"row\">\n<div class=\"col-md-8 col-md-offset-2 text-center\">\n<h2 class=\"hestia-title\">Quem Somos<\/h2>\n<\/div>\n<\/div>\n<div class=\"row\">\n<div class=\"col-md-6 text-right\">\n<h3>PLANEJAR, DESENVOLVER E EXECUTAR SOLU\u00c7\u00d5ES PARA SEU PONTO DE VENDA.<\/h3>\n<\/div>\n<div class=\"col-md-6\">\n<p>A Hipertrade \u00e9 uma empresa especializada em trade marketing e merchandising, com larga experi\u00eancia em a\u00e7\u00f5es promocionais ligadas ao ponto de venda, contamos com uma equipe altamente qualificada.<\/p>\n<p>Oferecemos servi\u00e7os para potencializar a venda no PDV, como: demonstra\u00e7\u00e3o e degusta\u00e7\u00e3o de produtos e servi\u00e7os, entrega de material promocional, inaugura\u00e7\u00e3o de lojas, mudan\u00e7as de layout, organiza\u00e7\u00e3o de prateleiras, promotores e muito mais.<\/p>\n<p>Temos como proposta planejar, desenvolver e executar solu\u00e7\u00f5es para o ponto de venda, por meio de intelig\u00eancia, tecnologia e criatividade.<\/p>\n<\/div>\n<\/div>\n","protected":false},"excerpt":{"rendered":"<p>Quem Somos PLANEJAR, DESENVOLVER E EXECUTAR SOLU\u00c7\u00d5ES PARA SEU PONTO DE VENDA. A Hipertrade \u00e9 uma empresa especializada em trade marketing e merchandising, com larga experi\u00eancia em a\u00e7\u00f5es promocionais ligadas ao ponto de venda, contamos com uma equipe altamente qualificada. Oferecemos servi\u00e7os para potencializar a venda no PDV, como: demonstra\u00e7\u00e3o e degusta\u00e7\u00e3o de produtos e <a href=\"https:\/\/site.hipertrade.com.br\/\" rel=\"nofollow\"><span class=\"sr-only\">Leia mais sobreFront Page<\/span>[&hellip;]<\/a><\/p>\n","protected":false},"author":1,"featured_media":754,"parent":0,"menu_order":0,"comment_status":"closed","ping_status":"closed","template":"","meta":{"_themeisle_gutenberg_block_has_review":false},"_links":{"self":[{"href":"https:\/\/site.hipertrade.com.br\/index.php\/wp-json\/wp\/v2\/pages\/761"}],"collection":[{"href":"https:\/\/site.hipertrade.com.br\/index.php\/wp-json\/wp\/v2\/pages"}],"about":[{"href":"https:\/\/site.hipertrade.com.br\/index.php\/wp-json\/wp\/v2\/types\/page"}],"author":[{"embeddable":true,"href":"https:\/\/site.hipertrade.com.br\/index.php\/wp-json\/wp\/v2\/users\/1"}],"replies":[{"embeddable":true,"href":"https:\/\/site.hipertrade.com.br\/index.php\/wp-json\/wp\/v2\/comments?post=761"}],"version-history":[{"count":4,"href":"https:\/\/site.hipertrade.com.br\/index.php\/wp-json\/wp\/v2\/pages\/761\/revisions"}],"predecessor-version":[{"id":4518,"href":"https:\/\/site.hipertrade.com.br\/index.php\/wp-json\/wp\/v2\/pages\/761\/revisions\/4518"}],"wp:featuredmedia":[{"embeddable":true,"href":"https:\/\/site.hipertrade.com.br\/index.php\/wp-json\/wp\/v2\/media\/754"}],"wp:attachment":[{"href":"https:\/\/site.hipertrade.com.br\/index.php\/wp-json\/wp\/v2\/media?parent=761"}],"curies":[{"name":"wp","href":"https:\/\/api.w.org\/{rel}","templated":true}]}}